{"id":156,"date":"2016-03-21T17:36:26","date_gmt":"2016-03-21T16:36:26","guid":{"rendered":"http:\/\/www.lafabriquedesimpossibles.com\/revons-rue-2016\/?page_id=156"},"modified":"2016-05-09T23:49:18","modified_gmt":"2016-05-09T22:49:18","slug":"construction-de-mobilier","status":"publish","type":"page","link":"http:\/\/www.lafabriquedesimpossibles.com\/revons-rue-2016\/ateliers\/construction-de-mobilier\/","title":{"rendered":"CONSTRUCTION DE MOBILIER"},"content":{"rendered":"<p style=\"text-align: left;\"><div class=\"row\"> <div class=\"col-md-8\">\n<h2>Concevez et r\u00e9alisez de nouveaux \u00e9l\u00e9ments de mobilier et de d\u00e9coration.<\/h2>\n<p>Lucie et L\u00e9a de l&rsquo;Atelier LU-LA animeront les ateliers de construction et de d\u00e9coration pour l&rsquo;espace du Caf\u00e9 du Landy, au sein du March\u00e9 du Vieux Saint-Ouen.<\/p>\n<p>Au programme : construction de mobilier (table, chaises\u2026), d\u00e9coration, peinture murale, peinture des meubles, r\u00e9alisation d&rsquo;une signal\u00e9tique\u2026<\/p>\n<p>N&rsquo;h\u00e9sitez pas \u00e0 venir avec vos outils ainsi que des vieilles chaises si vous en avez, nous leur donnerons ensemble une seconde vie !<\/p>\n<p>&nbsp;<\/p>\n<hr \/>\n<p style=\"text-align: center;\">Les premiers ateliers ont eu lieu les\u00a02 et 9 avril.<\/p>\n<p style=\"text-align: center;\">Prochaines dates : samedi 7 mai et samedi 21 mai 2016 de 10h \u00e0 13h<\/p>\n<p style=\"text-align: center;\">Au March\u00e9 du Landy, 1 rue du Landy \u00e0 Saint-Ouen<\/p>\n<p style=\"text-align: center;\"><span style=\"color: #ff0000;\"><em>Ouvert aux adultes et aux enfants accompagn\u00e9s<\/em><\/span><\/p>\n<p style=\"text-align: center;\"><a href=\"http:\/\/www.lafabriquedesimpossibles.com\/revons-rue-2016\/formulaire-dinscription\/\" class=\"btn button btn-shortcode kad-btn kad-btn-primary\" id=\"kadbtn290\" target=\"_self\" style=\"background-color:#999;color:#FFF;\"onMouseOver=\"this.style.background='#444',this.style.color=''\" onMouseOut=\"this.style.background='#999', this.style.color='#FFF'\">Je participe !<\/a>\n<p>&nbsp;<\/p>\n<p>&nbsp;<\/p>\n<\/div><div class=\"col-md-4\">\n<p><img loading=\"lazy\" class=\"aligncenter wp-image-219\" src=\"http:\/\/www.lafabriquedesimpossibles.com\/revons-rue-2016\/wp-content\/uploads\/2016\/03\/Affiche_ateliers_construction_March\u00e9_Landy.jpg\" alt=\"Affiche_ateliers_construction_March\u00e9_Landy\" width=\"404\" height=\"573\" \/><\/p>\n<\/div><\/div>\n","protected":false},"excerpt":{"rendered":"","protected":false},"author":1,"featured_media":0,"parent":7,"menu_order":0,"comment_status":"closed","ping_status":"closed","template":"template-blog-grid.php","meta":[],"_links":{"self":[{"href":"http:\/\/www.lafabriquedesimpossibles.com\/revons-rue-2016\/wp-json\/wp\/v2\/pages\/156"}],"collection":[{"href":"http:\/\/www.lafabriquedesimpossibles.com\/revons-rue-2016\/wp-json\/wp\/v2\/pages"}],"about":[{"href":"http:\/\/www.lafabriquedesimpossibles.com\/revons-rue-2016\/wp-json\/wp\/v2\/types\/page"}],"author":[{"embeddable":true,"href":"http:\/\/www.lafabriquedesimpossibles.com\/revons-rue-2016\/wp-json\/wp\/v2\/users\/1"}],"replies":[{"embeddable":true,"href":"http:\/\/www.lafabriquedesimpossibles.com\/revons-rue-2016\/wp-json\/wp\/v2\/comments?post=156"}],"version-history":[{"count":19,"href":"http:\/\/www.lafabriquedesimpossibles.com\/revons-rue-2016\/wp-json\/wp\/v2\/pages\/156\/revisions"}],"predecessor-version":[{"id":296,"href":"http:\/\/www.lafabriquedesimpossibles.com\/revons-rue-2016\/wp-json\/wp\/v2\/pages\/156\/revisions\/296"}],"up":[{"embeddable":true,"href":"http:\/\/www.lafabriquedesimpossibles.com\/revons-rue-2016\/wp-json\/wp\/v2\/pages\/7"}],"wp:attachment":[{"href":"http:\/\/www.lafabriquedesimpossibles.com\/revons-rue-2016\/wp-json\/wp\/v2\/media?parent=156"}],"curies":[{"name":"wp","href":"https:\/\/api.w.org\/{rel}","templated":true}]}}