{"id":55,"date":"2016-03-08T16:04:41","date_gmt":"2016-03-08T15:04:41","guid":{"rendered":"http:\/\/www.lafabriquedesimpossibles.com\/revons-rue-2016\/?page_id=55"},"modified":"2016-03-27T23:10:37","modified_gmt":"2016-03-27T22:10:37","slug":"musique","status":"publish","type":"page","link":"http:\/\/www.lafabriquedesimpossibles.com\/revons-rue-2016\/ateliers\/musique\/","title":{"rendered":"MUSIQUE"},"content":{"rendered":"<p style=\"text-align: center;\">Cette ann\u00e9e, le projet musical de <em>R\u00eavons Rue<\/em> sera un \u00e9change de pratiques musicales entre des musiciens et des chanteurs venus d&rsquo;horizons diff\u00e9rents.<\/p>\n<p style=\"text-align: center;\">A la batterie, Etienne Gaillochet.<\/p>\n<p style=\"text-align: center;\">A la basse, Beno\u00cet Bouliane.<\/p>\n<p style=\"text-align: center;\">Au chant, Macdara Smith et les jeunes rappeurs de 1, 2, 3&#8230; Rap !<\/p>\n<p style=\"text-align: center;\">Et \u00e0 la batukada ? Les musiciens de Z\u00e9 Samba.<\/p>\n<hr \/>\n<p style=\"text-align: center;\">\n<h2 style=\"text-align: center;\">Rendez-vous le 28 mai pour d\u00e9couvrir ensemble leurs compositions !<em><br \/>\n<\/em><\/h2>\n","protected":false},"excerpt":{"rendered":"<p>Cette ann\u00e9e, le projet musical de R\u00eavons Rue sera un \u00e9change de pratiques musicales entre des musiciens et des chanteurs venus d&rsquo;horizons diff\u00e9rents. A la batterie, Etienne Gaillochet. A la basse, Beno\u00cet Bouliane. Au chant, Macdara Smith et les jeunes &hellip; <a href=\"http:\/\/www.lafabriquedesimpossibles.com\/revons-rue-2016\/ateliers\/musique\/\">Lire la suite<\/a><\/p>\n","protected":false},"author":1,"featured_media":0,"parent":7,"menu_order":2,"comment_status":"closed","ping_status":"closed","template":"template-blog-grid.php","meta":[],"_links":{"self":[{"href":"http:\/\/www.lafabriquedesimpossibles.com\/revons-rue-2016\/wp-json\/wp\/v2\/pages\/55"}],"collection":[{"href":"http:\/\/www.lafabriquedesimpossibles.com\/revons-rue-2016\/wp-json\/wp\/v2\/pages"}],"about":[{"href":"http:\/\/www.lafabriquedesimpossibles.com\/revons-rue-2016\/wp-json\/wp\/v2\/types\/page"}],"author":[{"embeddable":true,"href":"http:\/\/www.lafabriquedesimpossibles.com\/revons-rue-2016\/wp-json\/wp\/v2\/users\/1"}],"replies":[{"embeddable":true,"href":"http:\/\/www.lafabriquedesimpossibles.com\/revons-rue-2016\/wp-json\/wp\/v2\/comments?post=55"}],"version-history":[{"count":6,"href":"http:\/\/www.lafabriquedesimpossibles.com\/revons-rue-2016\/wp-json\/wp\/v2\/pages\/55\/revisions"}],"predecessor-version":[{"id":243,"href":"http:\/\/www.lafabriquedesimpossibles.com\/revons-rue-2016\/wp-json\/wp\/v2\/pages\/55\/revisions\/243"}],"up":[{"embeddable":true,"href":"http:\/\/www.lafabriquedesimpossibles.com\/revons-rue-2016\/wp-json\/wp\/v2\/pages\/7"}],"wp:attachment":[{"href":"http:\/\/www.lafabriquedesimpossibles.com\/revons-rue-2016\/wp-json\/wp\/v2\/media?parent=55"}],"curies":[{"name":"wp","href":"https:\/\/api.w.org\/{rel}","templated":true}]}}