{"id":9,"date":"2016-02-26T21:07:38","date_gmt":"2016-02-26T20:07:38","guid":{"rendered":"http:\/\/www.lafabriquedesimpossibles.com\/revons-rue-2016\/?page_id=9"},"modified":"2016-03-21T21:09:36","modified_gmt":"2016-03-21T20:09:36","slug":"parade","status":"publish","type":"page","link":"http:\/\/www.lafabriquedesimpossibles.com\/revons-rue-2016\/parade\/","title":{"rendered":"LA PARADE"},"content":{"rendered":"<h2 style=\"text-align: justify;\"><\/h2>\n<h2 style=\"text-align: right;\"><\/h2>\n<div class=\"row\">\n<div class=\"col-md-6\">\n\n<h2>Une d\u00e9ambulation artistique et festive<\/h2>\n<p style=\"text-align: justify;\">La parade <em>R\u00eavons Rue<\/em> est une d\u00e9ambulation participative, artistique et festive \u00e0 destination des habitants des quartiers travers\u00e9s.\u00a0Cette ann\u00e9e, pour sa troisi\u00e8me \u00e9dition, nous partirons du nord du 18\u00e8me arrondissement de Paris pour arriver dans Saint-Ouen.<\/p>\n<h2 style=\"text-align: justify;\">Des ateliers\u00a0ouverts \u00e0 tous<\/h2>\n<p style=\"text-align: justify;\"><em>R\u00eavons Rue<\/em>\u00a0est aussi un temps de restitution du travail men\u00e9 en amont sous forme d\u2019ateliers gratuits et ouverts \u00e0 tous.<\/p>\n<p style=\"text-align: justify;\">Cette ann\u00e9e,\u00a0une dizaine de projets sont ainsi r\u00e9unis. Ces\u00a0projets sont co-construits avec les partenaires et les habitants \u00e0 partir des enjeux, envies et besoins de chacun\u00a0\u00e9mis pendant les ateliers.<\/p>\n<p style=\"text-align: justify;\">Le moment collectif et convivial de <em>R\u00eavons Rue<\/em> permet de valoriser la cr\u00e9ation artistique des habitants et de pr\u00e9senter leur travail dans l\u2019espace public.<\/p>\n<p>&nbsp;<\/p>\n<\/div>\n<div class=\"col-md-6\">\n\n<p><img loading=\"lazy\" class=\"wp-image-32 aligncenter\" src=\"http:\/\/www.lafabriquedesimpossibles.com\/revons-rue-2016\/wp-content\/uploads\/2016\/03\/DSC2469.jpg\" alt=\"_DSC2469\" width=\"716\" height=\"476\" srcset=\"http:\/\/www.lafabriquedesimpossibles.com\/revons-rue-2016\/wp-content\/uploads\/2016\/03\/DSC2469.jpg 4288w, http:\/\/www.lafabriquedesimpossibles.com\/revons-rue-2016\/wp-content\/uploads\/2016\/03\/DSC2469-300x199.jpg 300w, http:\/\/www.lafabriquedesimpossibles.com\/revons-rue-2016\/wp-content\/uploads\/2016\/03\/DSC2469-768x510.jpg 768w, http:\/\/www.lafabriquedesimpossibles.com\/revons-rue-2016\/wp-content\/uploads\/2016\/03\/DSC2469-1024x680.jpg 1024w\" sizes=\"(max-width: 716px) 100vw, 716px\" \/><\/p>\n<\/div>\n<\/div>\n<h2 style=\"text-align: right;\"><\/h2>\n","protected":false},"excerpt":{"rendered":"","protected":false},"author":1,"featured_media":0,"parent":0,"menu_order":2,"comment_status":"closed","ping_status":"closed","template":"","meta":[],"_links":{"self":[{"href":"http:\/\/www.lafabriquedesimpossibles.com\/revons-rue-2016\/wp-json\/wp\/v2\/pages\/9"}],"collection":[{"href":"http:\/\/www.lafabriquedesimpossibles.com\/revons-rue-2016\/wp-json\/wp\/v2\/pages"}],"about":[{"href":"http:\/\/www.lafabriquedesimpossibles.com\/revons-rue-2016\/wp-json\/wp\/v2\/types\/page"}],"author":[{"embeddable":true,"href":"http:\/\/www.lafabriquedesimpossibles.com\/revons-rue-2016\/wp-json\/wp\/v2\/users\/1"}],"replies":[{"embeddable":true,"href":"http:\/\/www.lafabriquedesimpossibles.com\/revons-rue-2016\/wp-json\/wp\/v2\/comments?post=9"}],"version-history":[{"count":13,"href":"http:\/\/www.lafabriquedesimpossibles.com\/revons-rue-2016\/wp-json\/wp\/v2\/pages\/9\/revisions"}],"predecessor-version":[{"id":141,"href":"http:\/\/www.lafabriquedesimpossibles.com\/revons-rue-2016\/wp-json\/wp\/v2\/pages\/9\/revisions\/141"}],"wp:attachment":[{"href":"http:\/\/www.lafabriquedesimpossibles.com\/revons-rue-2016\/wp-json\/wp\/v2\/media?parent=9"}],"curies":[{"name":"wp","href":"https:\/\/api.w.org\/{rel}","templated":true}]}}