{"id":97,"date":"2016-03-15T23:37:24","date_gmt":"2016-03-15T22:37:24","guid":{"rendered":"http:\/\/www.lafabriquedesimpossibles.com\/revons-rue-2016\/?page_id=97"},"modified":"2016-03-28T00:02:36","modified_gmt":"2016-03-27T23:02:36","slug":"break-dance","status":"publish","type":"page","link":"http:\/\/www.lafabriquedesimpossibles.com\/revons-rue-2016\/ateliers\/break-dance\/","title":{"rendered":"BREAK DANCE"},"content":{"rendered":"<p style=\"text-align: center;\">Sur les pas de Sweet, danseur de la compagnie par Terre \/ Anne Nguyen, ils sont douze jeunes cette ann\u00e9e \u00e0 d\u00e9couvrir\u00a0la danse hip hop.<\/p>\n<h2 style=\"text-align: center;\">Le 28 mai, ils\u00a0passeront de la salle \u00e0 la rue.<\/h2>\n<hr \/>\n<p style=\"text-align: center;\">Prochaines dates : Mercredi 20 avril, mercredi 18 mai et samedi 28 mai 2016<\/p>\n<p style=\"text-align: center;\"><span style=\"color: #ff0000;\">ATELIER COMPLET\u00a0<\/span><\/p>\n<p>&nbsp;<\/p>\n<p style=\"text-align: center;\">La compagnie par Terre \/ Anne Nguyen\u00a0est actuellement en r\u00e9sidence \u00e0 l&rsquo;Espace 1789. Pour en savoir plus sur leurs projets respectifs, c&rsquo;est ici :<\/p>\n<p style=\"text-align: center;\"><a href=\"http:\/\/www.compagnieparterre.fr\" class=\"btn button btn-shortcode kad-btn kad-btn-primary\" id=\"kadbtn525\" target=\"_self\" style=\"background-color:#444;color:#FFF;\"onMouseOver=\"this.style.background='#F2F2F2',this.style.color='#444'\" onMouseOut=\"this.style.background='#444', this.style.color='#FFF'\">Compagnie par Terre<\/a> \u00a0 \u00a0 <a href=\"http:\/\/www.espace-1789.com\" class=\"btn button btn-shortcode kad-btn kad-btn-primary\" id=\"kadbtn33\" target=\"_self\" style=\"background-color:#444;color:#FFF;\"onMouseOver=\"this.style.background='#F2F2F2',this.style.color='#444'\" onMouseOut=\"this.style.background='#444', this.style.color='#FFF'\">Espace 1789<\/a>\n","protected":false},"excerpt":{"rendered":"<p>Sur les pas de Sweet, danseur de la compagnie par Terre \/ Anne Nguyen, ils sont douze jeunes cette ann\u00e9e \u00e0 d\u00e9couvrir\u00a0la danse hip hop. Le 28 mai, ils\u00a0passeront de la salle \u00e0 la rue. Prochaines dates : Mercredi 20 &hellip; <a href=\"http:\/\/www.lafabriquedesimpossibles.com\/revons-rue-2016\/ateliers\/break-dance\/\">Lire la suite<\/a><\/p>\n","protected":false},"author":1,"featured_media":0,"parent":7,"menu_order":3,"comment_status":"closed","ping_status":"closed","template":"template-blog-grid.php","meta":[],"_links":{"self":[{"href":"http:\/\/www.lafabriquedesimpossibles.com\/revons-rue-2016\/wp-json\/wp\/v2\/pages\/97"}],"collection":[{"href":"http:\/\/www.lafabriquedesimpossibles.com\/revons-rue-2016\/wp-json\/wp\/v2\/pages"}],"about":[{"href":"http:\/\/www.lafabriquedesimpossibles.com\/revons-rue-2016\/wp-json\/wp\/v2\/types\/page"}],"author":[{"embeddable":true,"href":"http:\/\/www.lafabriquedesimpossibles.com\/revons-rue-2016\/wp-json\/wp\/v2\/users\/1"}],"replies":[{"embeddable":true,"href":"http:\/\/www.lafabriquedesimpossibles.com\/revons-rue-2016\/wp-json\/wp\/v2\/comments?post=97"}],"version-history":[{"count":11,"href":"http:\/\/www.lafabriquedesimpossibles.com\/revons-rue-2016\/wp-json\/wp\/v2\/pages\/97\/revisions"}],"predecessor-version":[{"id":260,"href":"http:\/\/www.lafabriquedesimpossibles.com\/revons-rue-2016\/wp-json\/wp\/v2\/pages\/97\/revisions\/260"}],"up":[{"embeddable":true,"href":"http:\/\/www.lafabriquedesimpossibles.com\/revons-rue-2016\/wp-json\/wp\/v2\/pages\/7"}],"wp:attachment":[{"href":"http:\/\/www.lafabriquedesimpossibles.com\/revons-rue-2016\/wp-json\/wp\/v2\/media?parent=97"}],"curies":[{"name":"wp","href":"https:\/\/api.w.org\/{rel}","templated":true}]}}