{"id":132,"date":"2016-03-21T16:32:00","date_gmt":"2016-03-21T15:32:00","guid":{"rendered":"http:\/\/www.lafabriquedesimpossibles.com\/revons-rue-2016\/?page_id=132"},"modified":"2016-03-23T12:54:07","modified_gmt":"2016-03-23T11:54:07","slug":"theme","status":"publish","type":"page","link":"https:\/\/www.lafabriquedesimpossibles.com\/revons-rue-2016\/parade\/theme\/","title":{"rendered":"LE THEME 2016"},"content":{"rendered":"<h3 style=\"text-align: left;\"><em>Top D\u00e9part !<br \/>\n<\/em><\/h3>\n<p><img loading=\"lazy\" class=\"wp-image-169 alignleft\" src=\"http:\/\/www.lafabriquedesimpossibles.com\/revons-rue-2016\/wp-content\/uploads\/2016\/03\/IMG_9305-copie.jpg\" alt=\"IMG_9305 copie\" width=\"538\" height=\"358\" srcset=\"https:\/\/www.lafabriquedesimpossibles.com\/revons-rue-2016\/wp-content\/uploads\/2016\/03\/IMG_9305-copie.jpg 800w, https:\/\/www.lafabriquedesimpossibles.com\/revons-rue-2016\/wp-content\/uploads\/2016\/03\/IMG_9305-copie-300x200.jpg 300w, https:\/\/www.lafabriquedesimpossibles.com\/revons-rue-2016\/wp-content\/uploads\/2016\/03\/IMG_9305-copie-768x512.jpg 768w\" sizes=\"(max-width: 538px) 100vw, 538px\" \/><\/p>\n<div class=\"blockquote blockquote-left postclass clearfix\">\n<p>&nbsp;<\/p>\n<h1>Bord(s) Cadre(s)<\/h1>\n<\/div>\n<p style=\"text-align: justify;\"><em>On rentre dans cet \u00e9cran g\u00e9ant, le tableau de notre ville. La foule se presse, la musique monte puis se d\u00e9tache, ici on danse, pr\u00eat \u00e0 basculer ! Une \u00e9quipe de cadreurs expose de magnifiques plantes murales ! Des mots se chahutent sur les toits ! On transforme les murs, et on d\u00e9forme les monuments ! Une histoire<\/em> Bord Cadre<em> pour une grande f\u00eate populaire.<\/em><\/p>\n<p style=\"text-align: justify;\">Le th\u00e8me de cette ann\u00e9e vous propose cette ann\u00e9e de repousser les bords, (re)cadrer les images de l\u2019espace urbain et explorer ce qui sort de ses limites. Puisqu\u2019une ville se cr\u00e9e \u00e0 la lumi\u00e8re de la diversit\u00e9 des individus qui la compose, nous viendrons ensemble, transformer notre cadre de vie et qu\u2019ainsi s\u2019imaginent de nouvelles perspectives pour anamorphoser notre cit\u00e9.<\/p>\n<p style=\"text-align: justify;\"><em>Bord(s) Cadre(s)<\/em> permet d\u2019explorer la ville en se questionnant sur ses fronti\u00e8res, les individus qui la compose et les normes dans lesquelles nous \u00e9voluons.<\/p>\n","protected":false},"excerpt":{"rendered":"<p>Top D\u00e9part ! On rentre dans cet \u00e9cran g\u00e9ant, le tableau de notre ville. La foule se presse, la musique monte puis se d\u00e9tache, ici on danse, pr\u00eat \u00e0 basculer ! Une \u00e9quipe de cadreurs expose de magnifiques plantes murales &hellip; <a href=\"https:\/\/www.lafabriquedesimpossibles.com\/revons-rue-2016\/parade\/theme\/\">Lire la suite<\/a><\/p>\n","protected":false},"author":1,"featured_media":0,"parent":9,"menu_order":1,"comment_status":"closed","ping_status":"closed","template":"","meta":[],"_links":{"self":[{"href":"https:\/\/www.lafabriquedesimpossibles.com\/revons-rue-2016\/wp-json\/wp\/v2\/pages\/132"}],"collection":[{"href":"https:\/\/www.lafabriquedesimpossibles.com\/revons-rue-2016\/wp-json\/wp\/v2\/pages"}],"about":[{"href":"https:\/\/www.lafabriquedesimpossibles.com\/revons-rue-2016\/wp-json\/wp\/v2\/types\/page"}],"author":[{"embeddable":true,"href":"https:\/\/www.lafabriquedesimpossibles.com\/revons-rue-2016\/wp-json\/wp\/v2\/users\/1"}],"replies":[{"embeddable":true,"href":"https:\/\/www.lafabriquedesimpossibles.com\/revons-rue-2016\/wp-json\/wp\/v2\/comments?post=132"}],"version-history":[{"count":9,"href":"https:\/\/www.lafabriquedesimpossibles.com\/revons-rue-2016\/wp-json\/wp\/v2\/pages\/132\/revisions"}],"predecessor-version":[{"id":172,"href":"https:\/\/www.lafabriquedesimpossibles.com\/revons-rue-2016\/wp-json\/wp\/v2\/pages\/132\/revisions\/172"}],"up":[{"embeddable":true,"href":"https:\/\/www.lafabriquedesimpossibles.com\/revons-rue-2016\/wp-json\/wp\/v2\/pages\/9"}],"wp:attachment":[{"href":"https:\/\/www.lafabriquedesimpossibles.com\/revons-rue-2016\/wp-json\/wp\/v2\/media?parent=132"}],"curies":[{"name":"wp","href":"https:\/\/api.w.org\/{rel}","templated":true}]}}