{"id":152,"date":"2016-03-21T17:34:43","date_gmt":"2016-03-21T16:34:43","guid":{"rendered":"http:\/\/www.lafabriquedesimpossibles.com\/revons-rue-2016\/?page_id=152"},"modified":"2016-04-05T14:50:33","modified_gmt":"2016-04-05T13:50:33","slug":"brassage-de-biere","status":"publish","type":"page","link":"https:\/\/www.lafabriquedesimpossibles.com\/revons-rue-2016\/ateliers\/brassage-de-biere\/","title":{"rendered":"BRASSAGE DE BIERE"},"content":{"rendered":"<p style=\"text-align: center;\">Accompagn\u00e9s par l&rsquo;association\u00a0<em>Les Brasseurs venus de l&rsquo;Ouen<\/em>, les participants des ateliers ont suivi toutes les \u00e9tapes de la fabrication\u00a0d&rsquo;une bi\u00e8re artisanale.<\/p>\n<p style=\"text-align: center;\">Le r\u00e9sultat : deux brassins mis en f\u00fbt qui seront servis le jour de\u00a0<em>R\u00eavons Rue<\/em>.<\/p>\n<h2 style=\"text-align: center;\">Rendez-vous le 28 pour d\u00e9guster le fruit de leurs efforts !<\/h2>\n<hr \/>\n<p style=\"text-align: center;\"><span style=\"color: #ff0000;\">ATELIER TERMINE<\/span><\/p>\n<p>&nbsp;<\/p>\n<p style=\"text-align: center;\">Envie d&rsquo;en savoir plus sur le projet des <em>Brasseurs venus de l&rsquo;Ouen<\/em> ?<\/p>\n<p style=\"text-align: center;\"><a href=\"http:\/\/www.facebook.com\/lesbrasseursvenusdelouen\/?fref=ts\" class=\"btn button btn-shortcode kad-btn kad-btn-primary\" id=\"kadbtn33\" target=\"_self\" style=\"background-color:#444;color:#FFF;\"onMouseOver=\"this.style.background='#F2F2F2',this.style.color='#444'\" onMouseOut=\"this.style.background='#444', this.style.color='#FFF'\">Je jette un oeil !<\/a>\n","protected":false},"excerpt":{"rendered":"<p>Accompagn\u00e9s par l&rsquo;association\u00a0Les Brasseurs venus de l&rsquo;Ouen, les participants des ateliers ont suivi toutes les \u00e9tapes de la fabrication\u00a0d&rsquo;une bi\u00e8re artisanale. Le r\u00e9sultat : deux brassins mis en f\u00fbt qui seront servis le jour de\u00a0R\u00eavons Rue. Rendez-vous le 28 pour &hellip; <a href=\"https:\/\/www.lafabriquedesimpossibles.com\/revons-rue-2016\/ateliers\/brassage-de-biere\/\">Lire la suite<\/a><\/p>\n","protected":false},"author":1,"featured_media":0,"parent":7,"menu_order":0,"comment_status":"closed","ping_status":"closed","template":"template-blog-grid.php","meta":[],"_links":{"self":[{"href":"https:\/\/www.lafabriquedesimpossibles.com\/revons-rue-2016\/wp-json\/wp\/v2\/pages\/152"}],"collection":[{"href":"https:\/\/www.lafabriquedesimpossibles.com\/revons-rue-2016\/wp-json\/wp\/v2\/pages"}],"about":[{"href":"https:\/\/www.lafabriquedesimpossibles.com\/revons-rue-2016\/wp-json\/wp\/v2\/types\/page"}],"author":[{"embeddable":true,"href":"https:\/\/www.lafabriquedesimpossibles.com\/revons-rue-2016\/wp-json\/wp\/v2\/users\/1"}],"replies":[{"embeddable":true,"href":"https:\/\/www.lafabriquedesimpossibles.com\/revons-rue-2016\/wp-json\/wp\/v2\/comments?post=152"}],"version-history":[{"count":17,"href":"https:\/\/www.lafabriquedesimpossibles.com\/revons-rue-2016\/wp-json\/wp\/v2\/pages\/152\/revisions"}],"predecessor-version":[{"id":278,"href":"https:\/\/www.lafabriquedesimpossibles.com\/revons-rue-2016\/wp-json\/wp\/v2\/pages\/152\/revisions\/278"}],"up":[{"embeddable":true,"href":"https:\/\/www.lafabriquedesimpossibles.com\/revons-rue-2016\/wp-json\/wp\/v2\/pages\/7"}],"wp:attachment":[{"href":"https:\/\/www.lafabriquedesimpossibles.com\/revons-rue-2016\/wp-json\/wp\/v2\/media?parent=152"}],"curies":[{"name":"wp","href":"https:\/\/api.w.org\/{rel}","templated":true}]}}