{"id":154,"date":"2016-03-21T17:36:02","date_gmt":"2016-03-21T16:36:02","guid":{"rendered":"http:\/\/www.lafabriquedesimpossibles.com\/revons-rue-2016\/?page_id=154"},"modified":"2016-04-12T12:25:02","modified_gmt":"2016-04-12T11:25:02","slug":"citoyinsolites","status":"publish","type":"page","link":"https:\/\/www.lafabriquedesimpossibles.com\/revons-rue-2016\/ateliers\/citoyinsolites\/","title":{"rendered":"CITOYINSOLITES"},"content":{"rendered":"<div class=\"row\"> <div class=\"col-md-4\">\n<p><img loading=\"lazy\" class=\"aligncenter wp-image-286\" src=\"http:\/\/www.lafabriquedesimpossibles.com\/revons-rue-2016\/wp-content\/uploads\/2016\/03\/Flyer_Ateliers_Caribou_M\u00e9diath\u00e8que-4-page-001.jpg\" alt=\"Flyer_Ateliers_Caribou_M\u00e9diath\u00e8que-4-page-001\" width=\"623\" height=\"881\" srcset=\"https:\/\/www.lafabriquedesimpossibles.com\/revons-rue-2016\/wp-content\/uploads\/2016\/03\/Flyer_Ateliers_Caribou_M\u00e9diath\u00e8que-4-page-001.jpg 1240w, https:\/\/www.lafabriquedesimpossibles.com\/revons-rue-2016\/wp-content\/uploads\/2016\/03\/Flyer_Ateliers_Caribou_M\u00e9diath\u00e8que-4-page-001-212x300.jpg 212w, https:\/\/www.lafabriquedesimpossibles.com\/revons-rue-2016\/wp-content\/uploads\/2016\/03\/Flyer_Ateliers_Caribou_M\u00e9diath\u00e8que-4-page-001-768x1086.jpg 768w, https:\/\/www.lafabriquedesimpossibles.com\/revons-rue-2016\/wp-content\/uploads\/2016\/03\/Flyer_Ateliers_Caribou_M\u00e9diath\u00e8que-4-page-001-724x1024.jpg 724w\" sizes=\"(max-width: 623px) 100vw, 623px\" \/><\/p>\n<\/div><div class=\"col-md-8\">\n<h2 style=\"text-align: center;\">Jouez avec les mots et leur mise en sc\u00e8ne\u00a0!<\/h2>\n<p>&nbsp;<\/p>\n<p style=\"text-align: center;\">La compagnie Caribou vous propose des ateliers de cr\u00e9ation, d\u00a0\u00bb\u00e9criture\u00a0et de mise en sc\u00e8ne de mots et de messages dans\u00a0l\u2019espace public.<\/p>\n<div class=\"page\" title=\"Page 1\">\n<div class=\"section\">\n<div class=\"layoutArea\">\n<div class=\"column\">\n<p style=\"text-align: center;\">Accompagn\u00e9s des musiciens et com\u00e9diens de la compagnie, vous mettrez en place une chor\u00e9graphie \u00e0 l\u2019aide de lettres g\u00e9antes et de panneaux de paroles.<\/p>\n<p style=\"text-align: center;\">\n<p style=\"text-align: center;\">\n<\/div>\n<\/div>\n<\/div>\n<\/div>\n<hr \/>\n<p style=\"text-align: center;\">Prochaines dates :\u00a0mercredi 20 avril, mercredi 11 mai, mercredi 18 mai et mercredi 25 mai 2016<\/p>\n<p style=\"text-align: center;\">De 16h \u00e0 19h<\/p>\n<p style=\"text-align: center;\">\u00c0 la M\u00e9diath\u00e8que Pers\u00e9polis,\u00a04 Avenue Gabriel P\u00e9ri, Saint-Ouen<\/p>\n<p style=\"text-align: center;\"><span style=\"color: #ff0000;\"><em>Ouvert aux adultes et aux enfants d\u00e8s 8 ans accompagn\u00e9s<\/em><\/span><\/p>\n<p style=\"text-align: center;\">\n<p style=\"text-align: center;\">\n<p style=\"text-align: center;\"><a href=\"http:\/\/www.lafabriquedesimpossibles.com\/revons-rue-2016\/formulaire-dinscription\/\" class=\"btn button btn-shortcode kad-btn kad-btn-primary\" id=\"kadbtn305\" target=\"_self\" style=\"background-color:#999;color:#FFF;\"onMouseOver=\"this.style.background='#444',this.style.color=''\" onMouseOut=\"this.style.background='#999', this.style.color='#FFF'\">Je participe !<\/a>\n<p style=\"text-align: center;\"><\/div><\/div>\n","protected":false},"excerpt":{"rendered":"","protected":false},"author":1,"featured_media":0,"parent":7,"menu_order":0,"comment_status":"closed","ping_status":"closed","template":"template-blog-grid.php","meta":[],"_links":{"self":[{"href":"https:\/\/www.lafabriquedesimpossibles.com\/revons-rue-2016\/wp-json\/wp\/v2\/pages\/154"}],"collection":[{"href":"https:\/\/www.lafabriquedesimpossibles.com\/revons-rue-2016\/wp-json\/wp\/v2\/pages"}],"about":[{"href":"https:\/\/www.lafabriquedesimpossibles.com\/revons-rue-2016\/wp-json\/wp\/v2\/types\/page"}],"author":[{"embeddable":true,"href":"https:\/\/www.lafabriquedesimpossibles.com\/revons-rue-2016\/wp-json\/wp\/v2\/users\/1"}],"replies":[{"embeddable":true,"href":"https:\/\/www.lafabriquedesimpossibles.com\/revons-rue-2016\/wp-json\/wp\/v2\/comments?post=154"}],"version-history":[{"count":19,"href":"https:\/\/www.lafabriquedesimpossibles.com\/revons-rue-2016\/wp-json\/wp\/v2\/pages\/154\/revisions"}],"predecessor-version":[{"id":293,"href":"https:\/\/www.lafabriquedesimpossibles.com\/revons-rue-2016\/wp-json\/wp\/v2\/pages\/154\/revisions\/293"}],"up":[{"embeddable":true,"href":"https:\/\/www.lafabriquedesimpossibles.com\/revons-rue-2016\/wp-json\/wp\/v2\/pages\/7"}],"wp:attachment":[{"href":"https:\/\/www.lafabriquedesimpossibles.com\/revons-rue-2016\/wp-json\/wp\/v2\/media?parent=154"}],"curies":[{"name":"wp","href":"https:\/\/api.w.org\/{rel}","templated":true}]}}