{"id":52,"date":"2016-03-08T16:03:27","date_gmt":"2016-03-08T15:03:27","guid":{"rendered":"http:\/\/www.lafabriquedesimpossibles.com\/revons-rue-2016\/?page_id=52"},"modified":"2016-04-12T16:57:01","modified_gmt":"2016-04-12T15:57:01","slug":"grands-papiers","status":"publish","type":"page","link":"https:\/\/www.lafabriquedesimpossibles.com\/revons-rue-2016\/ateliers\/grands-papiers\/","title":{"rendered":"GRANDS PAPIERS"},"content":{"rendered":"<div class=\"row\"> <div class=\"col-md-4\">\n<p><img loading=\"lazy\" class=\"aligncenter wp-image-177\" src=\"http:\/\/www.lafabriquedesimpossibles.com\/revons-rue-2016\/wp-content\/uploads\/2016\/03\/GP_REVONS_RUE_affiche.jpg\" alt=\"GP_REVONS_RUE_affiche\" width=\"467\" height=\"660\" srcset=\"https:\/\/www.lafabriquedesimpossibles.com\/revons-rue-2016\/wp-content\/uploads\/2016\/03\/GP_REVONS_RUE_affiche.jpg 835w, https:\/\/www.lafabriquedesimpossibles.com\/revons-rue-2016\/wp-content\/uploads\/2016\/03\/GP_REVONS_RUE_affiche-212x300.jpg 212w, https:\/\/www.lafabriquedesimpossibles.com\/revons-rue-2016\/wp-content\/uploads\/2016\/03\/GP_REVONS_RUE_affiche-768x1086.jpg 768w, https:\/\/www.lafabriquedesimpossibles.com\/revons-rue-2016\/wp-content\/uploads\/2016\/03\/GP_REVONS_RUE_affiche-724x1024.jpg 724w\" sizes=\"(max-width: 467px) 100vw, 467px\" \/><\/p>\n<\/div><div class=\"col-md-8\">\n<h2>Un collage papier mural<\/h2>\n<p>A travers <em>Grands Papiers<\/em>, modifiez, r\u00e9inventez le paysage urbain qui vous entoure. La compagnie des Grandes Personnes vous propose de vous exprimer sur les murs du quartier de la Porte Montmartre, et sous le p\u00e9riph\u00e9rique, lieu de passage entre le 18\u00e8me et Saint-Ouen.<\/p>\n<p>&nbsp;<\/p>\n<h2>Une fresque collaborative<\/h2>\n<p>Tous les habitants du quartier, sans limites d&rsquo;\u00e2ge, sont invit\u00e9s \u00e0 venir apporter leur touche au collage\u00a0!<\/p>\n<p>&nbsp;<\/p>\n<hr \/>\n<p style=\"text-align: center;\">Le premier atelier a eu lieu samedi 9 avril.<\/p>\n<p style=\"text-align: center;\">Prochaines dates : samedi 14 mai (RDV devant le centre d&rsquo;animation Binet) de 14h \u00e0 18h,<\/p>\n<p style=\"text-align: center;\">mercredi 18 mai (RDV devant le centre social CAF Belliard) de 14h \u00e0 18h,<\/p>\n<p style=\"text-align: center;\">samedi 21 mai (RDV devant le centre d&rsquo;animation Binet) de 14h \u00e0 18h<\/p>\n<p style=\"text-align: center;\">et vendredi 27 mai 2016 (RDV devant le centre d&rsquo;animation Binet) de 14h \u00e0 18h<\/p>\n<p style=\"text-align: center;\"><span style=\"color: #ff0000;\"><em>Ouvert \u00e0 tous<\/em><\/span><\/p>\n<p style=\"text-align: center;\"><a href=\"http:\/\/www.lafabriquedesimpossibles.com\/revons-rue-2016\/formulaire-dinscription\/\" class=\"btn button btn-shortcode kad-btn kad-btn-primary\" id=\"kadbtn446\" target=\"_self\" style=\"background-color:#999;color:#FFF;\"onMouseOver=\"this.style.background='#444',this.style.color=''\" onMouseOut=\"this.style.background='#999', this.style.color='#FFF'\">Je participe !<\/a>\n<\/div><\/div>\n","protected":false},"excerpt":{"rendered":"","protected":false},"author":1,"featured_media":0,"parent":7,"menu_order":1,"comment_status":"closed","ping_status":"closed","template":"template-blog-grid.php","meta":[],"_links":{"self":[{"href":"https:\/\/www.lafabriquedesimpossibles.com\/revons-rue-2016\/wp-json\/wp\/v2\/pages\/52"}],"collection":[{"href":"https:\/\/www.lafabriquedesimpossibles.com\/revons-rue-2016\/wp-json\/wp\/v2\/pages"}],"about":[{"href":"https:\/\/www.lafabriquedesimpossibles.com\/revons-rue-2016\/wp-json\/wp\/v2\/types\/page"}],"author":[{"embeddable":true,"href":"https:\/\/www.lafabriquedesimpossibles.com\/revons-rue-2016\/wp-json\/wp\/v2\/users\/1"}],"replies":[{"embeddable":true,"href":"https:\/\/www.lafabriquedesimpossibles.com\/revons-rue-2016\/wp-json\/wp\/v2\/comments?post=52"}],"version-history":[{"count":14,"href":"https:\/\/www.lafabriquedesimpossibles.com\/revons-rue-2016\/wp-json\/wp\/v2\/pages\/52\/revisions"}],"predecessor-version":[{"id":300,"href":"https:\/\/www.lafabriquedesimpossibles.com\/revons-rue-2016\/wp-json\/wp\/v2\/pages\/52\/revisions\/300"}],"up":[{"embeddable":true,"href":"https:\/\/www.lafabriquedesimpossibles.com\/revons-rue-2016\/wp-json\/wp\/v2\/pages\/7"}],"wp:attachment":[{"href":"https:\/\/www.lafabriquedesimpossibles.com\/revons-rue-2016\/wp-json\/wp\/v2\/media?parent=52"}],"curies":[{"name":"wp","href":"https:\/\/api.w.org\/{rel}","templated":true}]}}