{"id":7,"date":"2016-02-26T21:07:28","date_gmt":"2016-02-26T20:07:28","guid":{"rendered":"http:\/\/www.lafabriquedesimpossibles.com\/revons-rue-2016\/?page_id=7"},"modified":"2016-03-27T23:12:28","modified_gmt":"2016-03-27T22:12:28","slug":"ateliers","status":"publish","type":"page","link":"https:\/\/www.lafabriquedesimpossibles.com\/revons-rue-2016\/ateliers\/","title":{"rendered":"LES ATELIERS"},"content":{"rendered":"<p style=\"text-align: justify;\">Les projets qui font partie de <em>R\u00eavons Rue<\/em> sont vari\u00e9s : danse, th\u00e9\u00e2tre, collage mural, musique, construction, photographie&#8230; Ce sont tous des projets artistiques qui interrogent notre mani\u00e8re de vivre l\u2019espace public et la ville et qui sont implant\u00e9s dans un lieu particulier.<\/p>\n<hr \/>\n<div class=\"row\"> <div class=\"col-md-6\">\n<h3><a href=\"http:\/\/www.lafabriquedesimpossibles.com\/revons-rue-2016\/ateliers\/brassage-de-biere\/\">BRASSAGE DE BIERE<\/a><\/h3>\n<p>Avec Les Brasseurs venus de l&rsquo;Ouen, fabriquez la bi\u00e8re artisanale qui sera servie le jour de <em>R\u00eavons Rue<\/em>.<\/p>\n<p>Dates : <strong>samedi 19 mars et dimanche 20 mars 2016<\/strong> &#8211; <span style=\"color: #ff0000;\">ATELIER TERMINE<\/span><\/p>\n<p><em>Ouvert \u00e0 tous sur inscription<\/em><\/p>\n<h3><a href=\"http:\/\/www.lafabriquedesimpossibles.com\/revons-rue-2016\/ateliers\/break-dance\/\">BREAK DANCE<\/a><\/h3>\n<p>Avec le danseur Sweet, de la compagnie Par Terre \/ Anne NGuyen, d\u00e9couvrez la danse hip hop.<\/p>\n<p>Dates : <strong>du lundi 29 f\u00e9vrier au vendredi 4 mars et mercredi 20 avril, mercredi 18 mai et samedi 28 mai 2016<\/strong><\/p>\n<p><em>R\u00e9serv\u00e9 aux 10-17 ans<\/em> &#8211; <span style=\"color: #ff0000;\">ATELIER COMPLET<\/span><\/p>\n<h3><a href=\"http:\/\/www.lafabriquedesimpossibles.com\/revons-rue-2016\/ateliers\/citoyinsolites\/\">CITOYINSOLITES<\/a><\/h3>\n<p>Avec la compagnie Caribou, jouez avec les mots et montez des brigades d&rsquo;interpellation.<\/p>\n<p>Dates : <strong>mercredi 20 avril, mercredi 11 mai, mercredi 18 mai et mercredi 25 mai<\/strong><\/p>\n<p><em>Ouvert aux adultes et aux enfants d\u00e8s 8 ans accompagn\u00e9s<\/em><\/p>\n<h3><a href=\"http:\/\/www.lafabriquedesimpossibles.com\/revons-rue-2016\/ateliers\/construction-de-mobilier\/\">CONSTRUCTION DE MOBILIER<\/a><\/h3>\n<p>Avec l&rsquo;atelier LU-LA, construisez et d\u00e9corez l&rsquo;espace du Caf\u00e9 du Landy, au March\u00e9 du Vieux Saint-Ouen.<\/p>\n<p>Dates : <strong>samedi 2 avril, samedi 9 avril, samedi 7 mai et samedi 21 mai 2016<\/strong><\/p>\n<p><em>Ouvert aux adultes et aux enfants accompagn\u00e9s<\/em><\/p>\n<\/div><div class=\"col-md-6\">\n<h3><a href=\"http:\/\/www.lafabriquedesimpossibles.com\/revons-rue-2016\/ateliers\/costumes\/\">COSTUMES<\/a><\/h3>\n<p>Avec le collectif Carton Port\u00e9, cr\u00e9ez vos costumes en papier pour le jour de <em>R\u00eavons Rue.<\/em><\/p>\n<p>Dates : <strong>samedi 7 mai, samedi 14 mai, mercredi 18 mai et samedi 21 mai 2016<\/strong><\/p>\n<p><em>Ouvert \u00e0 tous<\/em><\/p>\n<h3><a href=\"http:\/\/www.lafabriquedesimpossibles.com\/revons-rue-2016\/ateliers\/musique\/\">MUSIQUE<\/a><\/h3>\n<p>Les musiciens Etienne Gaillochet et Beno\u00cet Bouliane, le chanteur Macdara Smith et les associations Z\u00e9 Samba et 1, 2, 3&#8230; Rap ! s&rsquo;associent pour un projet d&rsquo;\u00e9change de pratiques musicales.<\/p>\n<p><em>Groupe constitu\u00e9<\/em><\/p>\n<h3><a href=\"http:\/\/www.lafabriquedesimpossibles.com\/revons-rue-2016\/ateliers\/grands-papiers\/\">GRANDS PAPIERS<\/a><\/h3>\n<p>Avec la compagnie Les Grandes Personnes, r\u00e9inventez votre quartier. Imaginez et r\u00e9alisez une fresque murale faite de collages papier.<\/p>\n<p>Dates : <strong>samedi 9 avril, samedi 14 mai, mercredi 18 mai, samedi 21 mai et vendredi 27 mai 2016<\/strong><\/p>\n<p><em>Ouvert \u00e0 tous<\/em><\/p>\n<\/div><\/div>\n<hr \/>\n<p style=\"text-align: center;\">Un projet vous int\u00e9resse ? Pour s&rsquo;inscrire <a href=\"http:\/\/www.lafabriquedesimpossibles.com\/revons-rue-2016\/formulaire-dinscription\/\" class=\"btn button btn-shortcode kad-btn kad-btn-primary\" id=\"kadbtn496\" target=\"_self\" style=\"color:#FFF;\">c'est ici !<\/a>\n<p>&nbsp;<\/p>\n","protected":false},"excerpt":{"rendered":"<p>Les projets qui font partie de R\u00eavons Rue sont vari\u00e9s : danse, th\u00e9\u00e2tre, collage mural, musique, construction, photographie&#8230; Ce sont tous des projets artistiques qui interrogent notre mani\u00e8re de vivre l\u2019espace public et la ville et qui sont implant\u00e9s dans &hellip; <a href=\"https:\/\/www.lafabriquedesimpossibles.com\/revons-rue-2016\/ateliers\/\">Lire la suite<\/a><\/p>\n","protected":false},"author":1,"featured_media":0,"parent":0,"menu_order":3,"comment_status":"closed","ping_status":"closed","template":"","meta":[],"_links":{"self":[{"href":"https:\/\/www.lafabriquedesimpossibles.com\/revons-rue-2016\/wp-json\/wp\/v2\/pages\/7"}],"collection":[{"href":"https:\/\/www.lafabriquedesimpossibles.com\/revons-rue-2016\/wp-json\/wp\/v2\/pages"}],"about":[{"href":"https:\/\/www.lafabriquedesimpossibles.com\/revons-rue-2016\/wp-json\/wp\/v2\/types\/page"}],"author":[{"embeddable":true,"href":"https:\/\/www.lafabriquedesimpossibles.com\/revons-rue-2016\/wp-json\/wp\/v2\/users\/1"}],"replies":[{"embeddable":true,"href":"https:\/\/www.lafabriquedesimpossibles.com\/revons-rue-2016\/wp-json\/wp\/v2\/comments?post=7"}],"version-history":[{"count":8,"href":"https:\/\/www.lafabriquedesimpossibles.com\/revons-rue-2016\/wp-json\/wp\/v2\/pages\/7\/revisions"}],"predecessor-version":[{"id":244,"href":"https:\/\/www.lafabriquedesimpossibles.com\/revons-rue-2016\/wp-json\/wp\/v2\/pages\/7\/revisions\/244"}],"wp:attachment":[{"href":"https:\/\/www.lafabriquedesimpossibles.com\/revons-rue-2016\/wp-json\/wp\/v2\/media?parent=7"}],"curies":[{"name":"wp","href":"https:\/\/api.w.org\/{rel}","templated":true}]}}